{"id":68,"date":"2024-09-24T11:09:02","date_gmt":"2024-09-24T09:09:02","guid":{"rendered":"https:\/\/dgalgoi1.upv.edu.es\/?page_id=68"},"modified":"2024-10-18T15:11:08","modified_gmt":"2024-10-18T13:11:08","slug":"edicion-2024","status":"publish","type":"page","link":"https:\/\/dgalgoi1.upv.edu.es\/index.php\/edicion-2024\/","title":{"rendered":"Edici\u00f3n 2024"},"content":{"rendered":"\n<figure class=\"wp-block-image aligncenter size-large\"><img loading=\"lazy\" decoding=\"async\" width=\"724\" height=\"1024\" src=\"https:\/\/dgalgoi1.upv.edu.es\/wp-content\/uploads\/2024\/09\/Cartel-2024-1-724x1024.jpg\" alt=\"\" class=\"wp-image-136\" srcset=\"https:\/\/dgalgoi1.upv.edu.es\/wp-content\/uploads\/2024\/09\/Cartel-2024-1-724x1024.jpg 724w, https:\/\/dgalgoi1.upv.edu.es\/wp-content\/uploads\/2024\/09\/Cartel-2024-1-212x300.jpg 212w, https:\/\/dgalgoi1.upv.edu.es\/wp-content\/uploads\/2024\/09\/Cartel-2024-1-768x1086.jpg 768w, https:\/\/dgalgoi1.upv.edu.es\/wp-content\/uploads\/2024\/09\/Cartel-2024-1.jpg 842w\" sizes=\"auto, (max-width: 724px) 100vw, 724px\" \/><\/figure>\n\n\n\n<div style=\"height:100px\" aria-hidden=\"true\" class=\"wp-block-spacer\"><\/div>\n\n\n\n<h2 class=\"wp-block-heading\">Resultados<\/h2>\n\n\n\n<figure class=\"wp-block-table is-style-stripes\"><table class=\"has-fixed-layout\"><tbody><tr><td class=\"has-text-align-center\" data-align=\"center\"><strong>puesto<\/strong><\/td><td><strong>Nombre<\/strong><\/td><td class=\"has-text-align-center\" data-align=\"center\"><strong>Puntos<\/strong><\/td><td><strong>Grado<\/strong><\/td><td class=\"has-text-align-center\" data-align=\"center\"><strong>Universidad<\/strong><\/td><\/tr><tr><td class=\"has-text-align-center\" data-align=\"center\">1<\/td><td>Nicol\u00e1s Merenciano Esteve<\/td><td class=\"has-text-align-center\" data-align=\"center\">28<\/td><td>Matem\u00e1ticas+F\u00edsica<\/td><td class=\"has-text-align-center\" data-align=\"center\">UV<\/td><\/tr><tr><td class=\"has-text-align-center\" data-align=\"center\">2<\/td><td>Luis Roberto Quintanilla Torrez<\/td><td class=\"has-text-align-center\" data-align=\"center\">24<\/td><td>Rob\u00f3tica e Inform\u00e1tica Industrial<\/td><td class=\"has-text-align-center\" data-align=\"center\">UPV<\/td><\/tr><tr><td class=\"has-text-align-center\" data-align=\"center\">3<\/td><td>Aar\u00f3n Gim\u00e9nez Delgado<\/td><td class=\"has-text-align-center\" data-align=\"center\">22<\/td><td>Ingenier\u00eda F\u00edsica<\/td><td class=\"has-text-align-center\" data-align=\"center\">UPV<\/td><\/tr><tr><td class=\"has-text-align-center\" data-align=\"center\">4<\/td><td>Andrey Parrilla Prokopyev<\/td><td class=\"has-text-align-center\" data-align=\"center\">22<\/td><td>Ingenier\u00eda en Tecnolog\u00edas Industriales<\/td><td class=\"has-text-align-center\" data-align=\"center\">UPV<\/td><\/tr><tr><td class=\"has-text-align-center\" data-align=\"center\">5<\/td><td>\u00c1lvaro Sal\u00f3n Hern\u00e1ndez<\/td><td class=\"has-text-align-center\" data-align=\"center\">21<\/td><td>Matem\u00e1ticas+F\u00edsica<\/td><td class=\"has-text-align-center\" data-align=\"center\">UV<\/td><\/tr><tr><td class=\"has-text-align-center\" data-align=\"center\">6<\/td><td>Ismael G\u00f3mez Poyato<\/td><td class=\"has-text-align-center\" data-align=\"center\">21<\/td><td>Ingenier\u00eda Mec\u00e1nica<\/td><td class=\"has-text-align-center\" data-align=\"center\">UPV<\/td><\/tr><tr><td class=\"has-text-align-center\" data-align=\"center\">7<\/td><td>Marc Velasco Mateu<\/td><td class=\"has-text-align-center\" data-align=\"center\">18<\/td><td>Matem\u00e1ticas<\/td><td class=\"has-text-align-center\" data-align=\"center\">UV<\/td><\/tr><tr><td class=\"has-text-align-center\" data-align=\"center\">8<\/td><td>Antonio Ivars Juli\u00e0<\/td><td class=\"has-text-align-center\" data-align=\"center\">17<\/td><td>Matem\u00e1ticas + Inform\u00e1tica<\/td><td class=\"has-text-align-center\" data-align=\"center\">UPV<\/td><\/tr><tr><td class=\"has-text-align-center\" data-align=\"center\">9<\/td><td>Robert Alexander Schurman Romaniello&nbsp;<\/td><td class=\"has-text-align-center\" data-align=\"center\">16<\/td><td>Ingenier\u00eda en Tecnolog\u00edas Industriales<\/td><td class=\"has-text-align-center\" data-align=\"center\">UPV<\/td><\/tr><tr><td class=\"has-text-align-center\" data-align=\"center\">10<\/td><td>Alexandro Radita<\/td><td class=\"has-text-align-center\" data-align=\"center\">15<\/td><td>Ingenier\u00eda Aeroespacial<\/td><td class=\"has-text-align-center\" data-align=\"center\">UPV<\/td><\/tr><tr><td class=\"has-text-align-center\" data-align=\"center\">11<\/td><td>Juan Moya Rico<\/td><td class=\"has-text-align-center\" data-align=\"center\">14<\/td><td>Matem\u00e1ticas+F\u00edsica<\/td><td class=\"has-text-align-center\" data-align=\"center\">UV<\/td><\/tr><tr><td class=\"has-text-align-center\" data-align=\"center\">12<\/td><td>Ziyun Hong<\/td><td class=\"has-text-align-center\" data-align=\"center\">14<\/td><td>Ingenier\u00eda Mec\u00e1nica<\/td><td class=\"has-text-align-center\" data-align=\"center\">UPV<\/td><\/tr><\/tbody><\/table><\/figure>\n\n\n\n<div class=\"wp-block-group has-mono-3-color has-mono-2-background-color has-text-color has-background has-link-color wp-elements-d9b050bf93f02faefbff929bc5bfc632 is-vertical is-content-justification-center is-layout-flex wp-container-core-group-is-layout-931e5acc wp-block-group-is-layout-flex\" style=\"border-radius:20px;margin-top:var(--wp--preset--spacing--superbspacing-medium);margin-bottom:var(--wp--preset--spacing--superbspacing-medium)\">\n<h2 class=\"wp-block-heading has-text-align-center has-mono-3-color has-text-color has-link-color wp-elements-786f4528e7fa4a8c0d4632eaebf3af17\">Prueba<\/h2>\n\n\n\n<div class=\"wp-block-group is-content-justification-center is-nowrap is-layout-flex wp-container-core-group-is-layout-23441af8 wp-block-group-is-layout-flex\">\n<div class=\"wp-block-buttons is-content-justification-center is-layout-flex wp-container-core-buttons-is-layout-a89b3969 wp-block-buttons-is-layout-flex\">\n<div class=\"wp-block-button\"><a class=\"wp-block-button__link has-mono-2-color has-mono-3-background-color has-text-color has-background has-link-color wp-element-button\" href=\"https:\/\/dgalgoi1.upv.edu.es\/wp-content\/uploads\/2024\/10\/prueba-2024.pdf\" style=\"border-style:none;border-width:0px\" target=\"_blank\" rel=\"noreferrer noopener\">Cuestiones<\/a><\/div>\n<\/div>\n\n\n\n<div class=\"wp-block-buttons is-content-justification-center is-layout-flex wp-container-core-buttons-is-layout-a89b3969 wp-block-buttons-is-layout-flex\">\n<div class=\"wp-block-button\"><a class=\"wp-block-button__link has-mono-2-color has-mono-3-background-color has-text-color has-background has-link-color wp-element-button\" href=\"https:\/\/dgalgoi1.upv.edu.es\/wp-content\/uploads\/2024\/10\/resultados-2024.pdf\" target=\"_blank\" rel=\"noreferrer noopener\">Respuestas<\/a><\/div>\n<\/div>\n<\/div>\n<\/div>\n\n\n\n<h2 class=\"wp-block-heading\">Estad\u00edsticas<\/h2>\n\n\n\n<div class=\"wp-block-group is-content-justification-center is-nowrap is-layout-flex wp-container-core-group-is-layout-0f91cc80 wp-block-group-is-layout-flex\" style=\"margin-top:var(--wp--preset--spacing--superbspacing-small);margin-bottom:var(--wp--preset--spacing--superbspacing-small);padding-top:0;padding-right:0;padding-bottom:0;padding-left:0\">\n<div class=\"wp-block-group is-vertical is-layout-flex wp-container-core-group-is-layout-fe9cc265 wp-block-group-is-layout-flex\">\n<h4 class=\"wp-block-heading\">Distribuci\u00f3n por sexo<\/h4>\n\n\n\n<figure class=\"wp-block-image size-full\"><img loading=\"lazy\" decoding=\"async\" width=\"1024\" height=\"768\" src=\"https:\/\/dgalgoi1.upv.edu.es\/wp-content\/uploads\/2024\/09\/Diseno-sin-titulo-1-1.png\" alt=\"\" class=\"wp-image-140\" srcset=\"https:\/\/dgalgoi1.upv.edu.es\/wp-content\/uploads\/2024\/09\/Diseno-sin-titulo-1-1.png 1024w, https:\/\/dgalgoi1.upv.edu.es\/wp-content\/uploads\/2024\/09\/Diseno-sin-titulo-1-1-300x225.png 300w, https:\/\/dgalgoi1.upv.edu.es\/wp-content\/uploads\/2024\/09\/Diseno-sin-titulo-1-1-768x576.png 768w\" sizes=\"auto, (max-width: 1024px) 100vw, 1024px\" \/><\/figure>\n<\/div>\n\n\n\n<div class=\"wp-block-group is-vertical is-layout-flex wp-container-core-group-is-layout-fe9cc265 wp-block-group-is-layout-flex\">\n<h4 class=\"wp-block-heading\">Distribuci\u00f3n por universidad<\/h4>\n\n\n\n<figure class=\"wp-block-image size-full\"><img loading=\"lazy\" decoding=\"async\" width=\"1024\" height=\"768\" src=\"https:\/\/dgalgoi1.upv.edu.es\/wp-content\/uploads\/2024\/09\/EF5D5A.png\" alt=\"\" class=\"wp-image-139\" srcset=\"https:\/\/dgalgoi1.upv.edu.es\/wp-content\/uploads\/2024\/09\/EF5D5A.png 1024w, https:\/\/dgalgoi1.upv.edu.es\/wp-content\/uploads\/2024\/09\/EF5D5A-300x225.png 300w, https:\/\/dgalgoi1.upv.edu.es\/wp-content\/uploads\/2024\/09\/EF5D5A-768x576.png 768w\" sizes=\"auto, (max-width: 1024px) 100vw, 1024px\" \/><\/figure>\n<\/div>\n<\/div>\n\n\n\n<div style=\"height:30px\" aria-hidden=\"true\" class=\"wp-block-spacer\"><\/div>\n\n\n\n<h4 class=\"wp-block-heading\">Distribuci\u00f3n por titulaci\u00f3n<\/h4>\n\n\n\n<figure class=\"wp-block-image aligncenter size-full is-resized\"><img loading=\"lazy\" decoding=\"async\" width=\"1024\" height=\"768\" src=\"https:\/\/dgalgoi1.upv.edu.es\/wp-content\/uploads\/2024\/09\/Diseno-sin-titulo-6.png\" alt=\"\" class=\"wp-image-196\" style=\"width:903px;height:auto\" srcset=\"https:\/\/dgalgoi1.upv.edu.es\/wp-content\/uploads\/2024\/09\/Diseno-sin-titulo-6.png 1024w, https:\/\/dgalgoi1.upv.edu.es\/wp-content\/uploads\/2024\/09\/Diseno-sin-titulo-6-300x225.png 300w, https:\/\/dgalgoi1.upv.edu.es\/wp-content\/uploads\/2024\/09\/Diseno-sin-titulo-6-768x576.png 768w\" sizes=\"auto, (max-width: 1024px) 100vw, 1024px\" \/><\/figure>\n","protected":false},"excerpt":{"rendered":"<p>Resultados puesto Nombre Puntos Grado Universidad 1 Nicol\u00e1s Merenciano Esteve 28 Matem\u00e1ticas+F\u00edsica UV 2 Luis Roberto Quintanilla Torrez 24 Rob\u00f3tica e Inform\u00e1tica Industrial UPV 3 Aar\u00f3n Gim\u00e9nez Delgado 22 Ingenier\u00eda F\u00edsica UPV 4 Andrey Parrilla Prokopyev 22 Ingenier\u00eda en Tecnolog\u00edas Industriales UPV 5 \u00c1lvaro Sal\u00f3n Hern\u00e1ndez 21 Matem\u00e1ticas+F\u00edsica UV 6 Ismael G\u00f3mez Poyato 21 Ingenier\u00eda [&hellip;]<\/p>\n","protected":false},"author":1,"featured_media":0,"parent":0,"menu_order":0,"comment_status":"closed","ping_status":"closed","template":"","meta":{"footnotes":""},"class_list":["post-68","page","type-page","status-publish","hentry"],"_links":{"self":[{"href":"https:\/\/dgalgoi1.upv.edu.es\/index.php\/wp-json\/wp\/v2\/pages\/68","targetHints":{"allow":["GET"]}}],"collection":[{"href":"https:\/\/dgalgoi1.upv.edu.es\/index.php\/wp-json\/wp\/v2\/pages"}],"about":[{"href":"https:\/\/dgalgoi1.upv.edu.es\/index.php\/wp-json\/wp\/v2\/types\/page"}],"author":[{"embeddable":true,"href":"https:\/\/dgalgoi1.upv.edu.es\/index.php\/wp-json\/wp\/v2\/users\/1"}],"replies":[{"embeddable":true,"href":"https:\/\/dgalgoi1.upv.edu.es\/index.php\/wp-json\/wp\/v2\/comments?post=68"}],"version-history":[{"count":12,"href":"https:\/\/dgalgoi1.upv.edu.es\/index.php\/wp-json\/wp\/v2\/pages\/68\/revisions"}],"predecessor-version":[{"id":265,"href":"https:\/\/dgalgoi1.upv.edu.es\/index.php\/wp-json\/wp\/v2\/pages\/68\/revisions\/265"}],"wp:attachment":[{"href":"https:\/\/dgalgoi1.upv.edu.es\/index.php\/wp-json\/wp\/v2\/media?parent=68"}],"curies":[{"name":"wp","href":"https:\/\/api.w.org\/{rel}","templated":true}]}}