{"id":66,"date":"2024-09-24T11:08:40","date_gmt":"2024-09-24T09:08:40","guid":{"rendered":"https:\/\/dgalgoi1.upv.edu.es\/?page_id=66"},"modified":"2024-10-18T15:10:20","modified_gmt":"2024-10-18T13:10:20","slug":"edicion-2023","status":"publish","type":"page","link":"https:\/\/dgalgoi1.upv.edu.es\/index.php\/edicion-2023\/","title":{"rendered":"Edici\u00f3n 2023"},"content":{"rendered":"\n<figure class=\"wp-block-image aligncenter size-full\"><img loading=\"lazy\" decoding=\"async\" width=\"768\" height=\"1024\" src=\"https:\/\/dgalgoi1.upv.edu.es\/wp-content\/uploads\/2024\/09\/cartel-oma-2023.png\" alt=\"\" class=\"wp-image-145\" srcset=\"https:\/\/dgalgoi1.upv.edu.es\/wp-content\/uploads\/2024\/09\/cartel-oma-2023.png 768w, https:\/\/dgalgoi1.upv.edu.es\/wp-content\/uploads\/2024\/09\/cartel-oma-2023-225x300.png 225w\" sizes=\"auto, (max-width: 768px) 100vw, 768px\" \/><\/figure>\n\n\n\n<div class=\"wp-block-group is-vertical is-layout-flex wp-container-core-group-is-layout-69f52ed0 wp-block-group-is-layout-flex\" style=\"margin-top:var(--wp--preset--spacing--superbspacing-medium);margin-bottom:var(--wp--preset--spacing--superbspacing-medium)\">\n<h2 class=\"wp-block-heading\">Resultados<\/h2>\n\n\n\n<figure class=\"wp-block-table is-style-stripes\"><table class=\"has-fixed-layout\"><tbody><tr><td class=\"has-text-align-center\" data-align=\"center\">Puesto<\/td><td>Nombre<\/td><td class=\"has-text-align-center\" data-align=\"center\">Puntuaci\u00f3n<\/td><td>Grado<\/td><td class=\"has-text-align-center\" data-align=\"center\">Universidad<\/td><\/tr><tr><td class=\"has-text-align-center\" data-align=\"center\">1<\/td><td>Pablo Faus<\/td><td class=\"has-text-align-center\" data-align=\"center\">23<\/td><td>Matem\u00e1ticas + F\u00edsica<\/td><td class=\"has-text-align-center\" data-align=\"center\">UV<\/td><\/tr><tr><td class=\"has-text-align-center\" data-align=\"center\">2<\/td><td>Alberto Mateos<\/td><td class=\"has-text-align-center\" data-align=\"center\">19<\/td><td>Matem\u00e1ticas + F\u00edsica<\/td><td class=\"has-text-align-center\" data-align=\"center\">UV<\/td><\/tr><tr><td class=\"has-text-align-center\" data-align=\"center\">3<\/td><td>Miguel Rodr\u00edguez<\/td><td class=\"has-text-align-center\" data-align=\"center\">18<\/td><td>Matem\u00e1ticas<\/td><td class=\"has-text-align-center\" data-align=\"center\">UV<\/td><\/tr><tr><td class=\"has-text-align-center\" data-align=\"center\">4<\/td><td>Ziyun Hong<\/td><td class=\"has-text-align-center\" data-align=\"center\">15<\/td><td>Ingenier\u00eda Mec\u00e1nica<\/td><td class=\"has-text-align-center\" data-align=\"center\">UPV<\/td><\/tr><tr><td class=\"has-text-align-center\" data-align=\"center\">5<\/td><td>Iv\u00e1n L\u00f3pez<\/td><td class=\"has-text-align-center\" data-align=\"center\">14<\/td><td>Matem\u00e1ticas<\/td><td class=\"has-text-align-center\" data-align=\"center\">UV<\/td><\/tr><tr><td class=\"has-text-align-center\" data-align=\"center\">6<\/td><td>Lucas Soriano<\/td><td class=\"has-text-align-center\" data-align=\"center\">14<\/td><td>Matem\u00e1ticas + Ingenier\u00eda Civil<\/td><td class=\"has-text-align-center\" data-align=\"center\">UPV<\/td><\/tr><tr><td class=\"has-text-align-center\" data-align=\"center\">7<\/td><td>Pau Ferrer<\/td><td class=\"has-text-align-center\" data-align=\"center\">14<\/td><td>Ingenier\u00eda Aeroespacial<\/td><td class=\"has-text-align-center\" data-align=\"center\">UPV<\/td><\/tr><tr><td class=\"has-text-align-center\" data-align=\"center\">8<\/td><td>Juan Bollain<\/td><td class=\"has-text-align-center\" data-align=\"center\">14<\/td><td>Ing. Telecomunicaciones + ADE<\/td><td class=\"has-text-align-center\" data-align=\"center\">UPV<\/td><\/tr><tr><td class=\"has-text-align-center\" data-align=\"center\">9<\/td><td>Jordi Beneyto<\/td><td class=\"has-text-align-center\" data-align=\"center\">13<\/td><td>Ingenier\u00eda Aeroespacial<\/td><td class=\"has-text-align-center\" data-align=\"center\">UPV<\/td><\/tr><tr><td class=\"has-text-align-center\" data-align=\"center\">10<\/td><td>Aquilino Carrasco<\/td><td class=\"has-text-align-center\" data-align=\"center\">13<\/td><td>Ingenier\u00eda Aeroespacial<\/td><td class=\"has-text-align-center\" data-align=\"center\">UPV<\/td><\/tr><tr><td class=\"has-text-align-center\" data-align=\"center\">11<\/td><td>Ignacio Cervera<\/td><td class=\"has-text-align-center\" data-align=\"center\">12<\/td><td>Ingenier\u00eda Industrial<\/td><td class=\"has-text-align-center\" data-align=\"center\">UPV<\/td><\/tr><tr><td class=\"has-text-align-center\" data-align=\"center\">12<\/td><td>Carlos March<\/td><td class=\"has-text-align-center\" data-align=\"center\">12<\/td><td>Ingenier\u00eda Inform\u00e1tica<\/td><td class=\"has-text-align-center\" data-align=\"center\">UPV<\/td><\/tr><\/tbody><\/table><\/figure>\n<\/div>\n\n\n\n<div class=\"wp-block-group has-mono-3-color has-mono-2-background-color has-text-color has-background has-link-color wp-elements-530888fecf604d8f51d8409c68da2fde is-vertical is-content-justification-center is-layout-flex wp-container-core-group-is-layout-931e5acc wp-block-group-is-layout-flex\" style=\"border-radius:20px;margin-top:var(--wp--preset--spacing--superbspacing-medium);margin-bottom:var(--wp--preset--spacing--superbspacing-medium)\">\n<h2 class=\"wp-block-heading has-text-align-center has-mono-3-color has-text-color has-link-color wp-elements-786f4528e7fa4a8c0d4632eaebf3af17\">Prueba<\/h2>\n\n\n\n<div class=\"wp-block-group is-content-justification-center is-nowrap is-layout-flex wp-container-core-group-is-layout-23441af8 wp-block-group-is-layout-flex\">\n<div class=\"wp-block-buttons is-content-justification-center is-layout-flex wp-container-core-buttons-is-layout-a89b3969 wp-block-buttons-is-layout-flex\">\n<div class=\"wp-block-button\"><a class=\"wp-block-button__link has-mono-2-color has-mono-3-background-color has-text-color has-background has-link-color wp-element-button\" href=\"https:\/\/dgalgoi1.upv.edu.es\/wp-content\/uploads\/2024\/10\/prueba-2023.pdf\" style=\"border-style:none;border-width:0px\" target=\"_blank\" rel=\"noreferrer noopener\">Cuestiones<\/a><\/div>\n<\/div>\n\n\n\n<div class=\"wp-block-buttons is-content-justification-center is-layout-flex wp-container-core-buttons-is-layout-a89b3969 wp-block-buttons-is-layout-flex\">\n<div class=\"wp-block-button\"><a class=\"wp-block-button__link has-mono-2-color has-mono-3-background-color has-text-color has-background has-link-color wp-element-button\" href=\"https:\/\/dgalgoi1.upv.edu.es\/wp-content\/uploads\/2024\/10\/resultados-2023.pdf\" target=\"_blank\" rel=\"noreferrer noopener\">Respuestas<\/a><\/div>\n<\/div>\n<\/div>\n<\/div>\n\n\n\n<div class=\"wp-block-group is-vertical is-layout-flex wp-container-core-group-is-layout-fe9cc265 wp-block-group-is-layout-flex\">\n<h2 class=\"wp-block-heading\">Estad\u00edsticas<\/h2>\n\n\n\n<div class=\"wp-block-group is-nowrap is-layout-flex wp-container-core-group-is-layout-6c531013 wp-block-group-is-layout-flex\">\n<div class=\"wp-block-group is-vertical is-layout-flex wp-container-core-group-is-layout-fe9cc265 wp-block-group-is-layout-flex\">\n<h4 class=\"wp-block-heading\">Distribuci\u00f3n por sexo<\/h4>\n\n\n\n<figure class=\"wp-block-image size-full\"><img loading=\"lazy\" decoding=\"async\" width=\"1024\" height=\"768\" src=\"https:\/\/dgalgoi1.upv.edu.es\/wp-content\/uploads\/2024\/09\/Diseno-sin-titulo-20232.png\" alt=\"\" class=\"wp-image-147\" srcset=\"https:\/\/dgalgoi1.upv.edu.es\/wp-content\/uploads\/2024\/09\/Diseno-sin-titulo-20232.png 1024w, https:\/\/dgalgoi1.upv.edu.es\/wp-content\/uploads\/2024\/09\/Diseno-sin-titulo-20232-300x225.png 300w, https:\/\/dgalgoi1.upv.edu.es\/wp-content\/uploads\/2024\/09\/Diseno-sin-titulo-20232-768x576.png 768w\" sizes=\"auto, (max-width: 1024px) 100vw, 1024px\" \/><\/figure>\n<\/div>\n\n\n\n<div class=\"wp-block-group is-vertical is-layout-flex wp-container-core-group-is-layout-fe9cc265 wp-block-group-is-layout-flex\">\n<h4 class=\"wp-block-heading\">Distribuci\u00f3n por universidad<\/h4>\n\n\n\n<figure class=\"wp-block-image size-full\"><img loading=\"lazy\" decoding=\"async\" width=\"1024\" height=\"768\" src=\"https:\/\/dgalgoi1.upv.edu.es\/wp-content\/uploads\/2024\/09\/Diseno-sin-titulo-20231.png\" alt=\"\" class=\"wp-image-148\" srcset=\"https:\/\/dgalgoi1.upv.edu.es\/wp-content\/uploads\/2024\/09\/Diseno-sin-titulo-20231.png 1024w, https:\/\/dgalgoi1.upv.edu.es\/wp-content\/uploads\/2024\/09\/Diseno-sin-titulo-20231-300x225.png 300w, https:\/\/dgalgoi1.upv.edu.es\/wp-content\/uploads\/2024\/09\/Diseno-sin-titulo-20231-768x576.png 768w\" sizes=\"auto, (max-width: 1024px) 100vw, 1024px\" \/><\/figure>\n<\/div>\n<\/div>\n<\/div>\n\n\n\n<div style=\"height:30px\" aria-hidden=\"true\" class=\"wp-block-spacer\"><\/div>\n\n\n\n<h4 class=\"wp-block-heading\">Distribuci\u00f3n por titulaciones<\/h4>\n\n\n\n<figure class=\"wp-block-image aligncenter size-full is-resized\"><img loading=\"lazy\" decoding=\"async\" width=\"1024\" height=\"768\" src=\"https:\/\/dgalgoi1.upv.edu.es\/wp-content\/uploads\/2024\/09\/Diseno-sin-titulo-5.png\" alt=\"\" class=\"wp-image-193\" style=\"width:878px;height:auto\" srcset=\"https:\/\/dgalgoi1.upv.edu.es\/wp-content\/uploads\/2024\/09\/Diseno-sin-titulo-5.png 1024w, https:\/\/dgalgoi1.upv.edu.es\/wp-content\/uploads\/2024\/09\/Diseno-sin-titulo-5-300x225.png 300w, https:\/\/dgalgoi1.upv.edu.es\/wp-content\/uploads\/2024\/09\/Diseno-sin-titulo-5-768x576.png 768w\" sizes=\"auto, (max-width: 1024px) 100vw, 1024px\" \/><\/figure>\n\n\n\n<p><\/p>\n","protected":false},"excerpt":{"rendered":"<p>Resultados Puesto Nombre Puntuaci\u00f3n Grado Universidad 1 Pablo Faus 23 Matem\u00e1ticas + F\u00edsica UV 2 Alberto Mateos 19 Matem\u00e1ticas + F\u00edsica UV 3 Miguel Rodr\u00edguez 18 Matem\u00e1ticas UV 4 Ziyun Hong 15 Ingenier\u00eda Mec\u00e1nica UPV 5 Iv\u00e1n L\u00f3pez 14 Matem\u00e1ticas UV 6 Lucas Soriano 14 Matem\u00e1ticas + Ingenier\u00eda Civil UPV 7 Pau Ferrer 14 Ingenier\u00eda [&hellip;]<\/p>\n","protected":false},"author":1,"featured_media":0,"parent":0,"menu_order":0,"comment_status":"closed","ping_status":"closed","template":"","meta":{"footnotes":""},"class_list":["post-66","page","type-page","status-publish","hentry"],"_links":{"self":[{"href":"https:\/\/dgalgoi1.upv.edu.es\/index.php\/wp-json\/wp\/v2\/pages\/66","targetHints":{"allow":["GET"]}}],"collection":[{"href":"https:\/\/dgalgoi1.upv.edu.es\/index.php\/wp-json\/wp\/v2\/pages"}],"about":[{"href":"https:\/\/dgalgoi1.upv.edu.es\/index.php\/wp-json\/wp\/v2\/types\/page"}],"author":[{"embeddable":true,"href":"https:\/\/dgalgoi1.upv.edu.es\/index.php\/wp-json\/wp\/v2\/users\/1"}],"replies":[{"embeddable":true,"href":"https:\/\/dgalgoi1.upv.edu.es\/index.php\/wp-json\/wp\/v2\/comments?post=66"}],"version-history":[{"count":13,"href":"https:\/\/dgalgoi1.upv.edu.es\/index.php\/wp-json\/wp\/v2\/pages\/66\/revisions"}],"predecessor-version":[{"id":264,"href":"https:\/\/dgalgoi1.upv.edu.es\/index.php\/wp-json\/wp\/v2\/pages\/66\/revisions\/264"}],"wp:attachment":[{"href":"https:\/\/dgalgoi1.upv.edu.es\/index.php\/wp-json\/wp\/v2\/media?parent=66"}],"curies":[{"name":"wp","href":"https:\/\/api.w.org\/{rel}","templated":true}]}}