{"id":62,"date":"2024-09-24T11:07:28","date_gmt":"2024-09-24T09:07:28","guid":{"rendered":"https:\/\/dgalgoi1.upv.edu.es\/?page_id=62"},"modified":"2024-10-02T10:39:24","modified_gmt":"2024-10-02T08:39:24","slug":"bases","status":"publish","type":"page","link":"https:\/\/dgalgoi1.upv.edu.es\/index.php\/bases\/","title":{"rendered":"Eulerianos y la OMA"},"content":{"rendered":"\n<p>La Olimpiada M\u00e1tem\u00e1tica Aplciada UPV tiene como objetivo divulgar las Matem\u00e1ticas Aplicadas entre los estudiantes de las diferentes universidades de la Comunidad Valenciana y trabajar para que la UPV se convierta en un referente a nivel nacional en el estudio de la Matem\u00e1tica Aplicada.<\/p>\n\n\n\n<div class=\"wp-block-group is-nowrap is-layout-flex wp-container-core-group-is-layout-5adc33c9 wp-block-group-is-layout-flex\">\n<div class=\"wp-block-group is-vertical is-layout-flex wp-container-core-group-is-layout-fe9cc265 wp-block-group-is-layout-flex\">\n<p>La Olimpiada Matem\u00e1tica Aplicada es la gran cita anual para el grupo Eulerianos. Nuestro trabajo durante el curso va destinado a que el d\u00eda de la OMA todo salga sobre ruedas. Preparamos los problemas, organizamos el evento y hacemos una campa\u00f1a de marketing para que los alumnos de la UPV puedan disfrutar de una ma\u00f1ana de <strong>matem\u00e1ticas<\/strong>.<\/p>\n\n\n\n<p>Adem\u00e1s del trabajo de todo el a\u00f1o, el d\u00eda de la olimpiada, recibimos a los alumnos y nos encargamos de la correcci\u00f3n y la entrega de premios.<\/p>\n<\/div>\n<\/div>\n\n\n\n<div class=\"wp-block-group has-global-padding is-layout-constrained wp-block-group-is-layout-constrained\">\n<div class=\"wp-block-buttons is-content-justification-center is-layout-flex wp-container-core-buttons-is-layout-a89b3969 wp-block-buttons-is-layout-flex\">\n<div class=\"wp-block-button\"><a class=\"wp-block-button__link wp-element-button\">\u00danete a nosotros<\/a><\/div>\n<\/div>\n<\/div>\n\n\n\n<p><\/p>\n","protected":false},"excerpt":{"rendered":"<p>La Olimpiada M\u00e1tem\u00e1tica Aplciada UPV tiene como objetivo divulgar las Matem\u00e1ticas Aplicadas entre los estudiantes de las diferentes universidades de la Comunidad Valenciana y trabajar para que la UPV se convierta en un referente a nivel nacional en el estudio de la Matem\u00e1tica Aplicada. La Olimpiada Matem\u00e1tica Aplicada es la gran cita anual para el [&hellip;]<\/p>\n","protected":false},"author":1,"featured_media":0,"parent":0,"menu_order":0,"comment_status":"closed","ping_status":"closed","template":"","meta":{"footnotes":""},"class_list":["post-62","page","type-page","status-publish","hentry"],"_links":{"self":[{"href":"https:\/\/dgalgoi1.upv.edu.es\/index.php\/wp-json\/wp\/v2\/pages\/62","targetHints":{"allow":["GET"]}}],"collection":[{"href":"https:\/\/dgalgoi1.upv.edu.es\/index.php\/wp-json\/wp\/v2\/pages"}],"about":[{"href":"https:\/\/dgalgoi1.upv.edu.es\/index.php\/wp-json\/wp\/v2\/types\/page"}],"author":[{"embeddable":true,"href":"https:\/\/dgalgoi1.upv.edu.es\/index.php\/wp-json\/wp\/v2\/users\/1"}],"replies":[{"embeddable":true,"href":"https:\/\/dgalgoi1.upv.edu.es\/index.php\/wp-json\/wp\/v2\/comments?post=62"}],"version-history":[{"count":17,"href":"https:\/\/dgalgoi1.upv.edu.es\/index.php\/wp-json\/wp\/v2\/pages\/62\/revisions"}],"predecessor-version":[{"id":219,"href":"https:\/\/dgalgoi1.upv.edu.es\/index.php\/wp-json\/wp\/v2\/pages\/62\/revisions\/219"}],"wp:attachment":[{"href":"https:\/\/dgalgoi1.upv.edu.es\/index.php\/wp-json\/wp\/v2\/media?parent=62"}],"curies":[{"name":"wp","href":"https:\/\/api.w.org\/{rel}","templated":true}]}}