{"id":50,"date":"2024-09-24T10:46:37","date_gmt":"2024-09-24T08:46:37","guid":{"rendered":"https:\/\/dgalgoi1.upv.edu.es\/?page_id=50"},"modified":"2024-10-02T10:42:31","modified_gmt":"2024-10-02T08:42:31","slug":"liga-matematica","status":"publish","type":"page","link":"https:\/\/dgalgoi1.upv.edu.es\/index.php\/liga-matematica\/","title":{"rendered":"Liga Matem\u00e1tica"},"content":{"rendered":"\n<h6 class=\"wp-block-heading\">Una competici\u00f3n nacional de matem\u00e1ticas organizada por la Asociaci\u00f3n Nacional de Estudiantes de Matem\u00e1ticas<\/h6>\n\n\n\n<p>La Liga Matem\u00e1tica surge en el curso 2023\u201324 como iniciativa de la Vocal\u00eda de Competencias Matem\u00e1ticas. Esta competici\u00f3n tiene tres objetivos fundamentales: promover las matem\u00e1ticas, unir a&nbsp;los estudiantes de matem\u00e1ticas y&nbsp;asegurar que ambos valores perduren en el tiempo.<\/p>\n\n\n\n<p>La Liga Matem\u00e1tica es una&nbsp;<strong>competici\u00f3n nacional de matem\u00e1ticas<\/strong>&nbsp;organizada por la Asociaci\u00f3n Nacional de Estudiantes de Matem\u00e1ticas. Esta iniciativa, impulsada por la Vocal\u00eda de Competencias Matem\u00e1ticas, surge por tres objetivos fundamentales: PROMOVER las matem\u00e1ticas, UNIR a&nbsp;los estudiantes de matem\u00e1ticas y&nbsp;asegurar que estos valores PERDUREN en el tiempo.<\/p>\n\n\n\n<h3 class=\"wp-block-heading\">Equipos<\/h3>\n\n\n\n<p>En su primera y\u00a0anterior edici\u00f3n, participaron\u00a0<strong>31 equipos<\/strong>\u00a0diferentes en la Liga Matem\u00e1tica.<\/p>\n\n\n\n<h3 class=\"wp-block-heading\">\u00bfC\u00f3mo es competir en la Liga Matem\u00e1tica?<\/h3>\n\n\n\n<p>Es una liga en la que en cada jornada, la <strong>UPV<\/strong> juega un \u00abpartido\u00bb contra otra universidad del pa\u00eds. Cada enfrentamiento consta de tres problemas. Gana el equipo que complete antes todos los problemas, o en su defecto, el que m\u00e1s problemas resuelva al cabo de una hora. Jornada a jornada se acumulan los resultados y al t\u00e9rmino de la liga, una universidad se proclama vencedora. <\/p>\n\n\n\n<div class=\"wp-block-buttons is-layout-flex wp-block-buttons-is-layout-flex\">\n<div class=\"wp-block-button\"><a class=\"wp-block-button__link wp-element-button\" href=\"https:\/\/www.anem.es\/archivos\/media\/2024\/09\/Bases-Liga-Matematica-2024-2025.pdf\" target=\"_blank\" rel=\"noreferrer noopener\">Bases Liga Matem\u00e1tica<\/a><\/div>\n<\/div>\n\n\n\n<div style=\"height:100px\" aria-hidden=\"true\" class=\"wp-block-spacer\"><\/div>\n\n\n\n<div class=\"wp-block-group is-nowrap is-layout-flex wp-container-core-group-is-layout-6c531013 wp-block-group-is-layout-flex\">\n<h2 class=\"wp-block-heading\">\u00bfC\u00f3mo puedo participar si estudio en la UPV?<\/h2>\n\n\n\n<div class=\"wp-block-group is-vertical is-layout-flex wp-container-core-group-is-layout-fe9cc265 wp-block-group-is-layout-flex\">\n<p>S\u00f3lo tienes que apuntarte Eulerianos mediante el formulario de inscripci\u00f3n. Nosotros te colocaremos en el equipo de la Liga Matem\u00e1tica<\/p>\n\n\n\n<div class=\"wp-block-buttons is-layout-flex wp-block-buttons-is-layout-flex\">\n<div class=\"wp-block-button\"><a class=\"wp-block-button__link wp-element-button\" href=\"https:\/\/dgalgoi1.upv.edu.es\/index.php\/apuntate\/\">Inscr\u00edbete<\/a><\/div>\n<\/div>\n<\/div>\n<\/div>\n\n\n\n<p><\/p>\n","protected":false},"excerpt":{"rendered":"<p>Una competici\u00f3n nacional de matem\u00e1ticas organizada por la Asociaci\u00f3n Nacional de Estudiantes de Matem\u00e1ticas La Liga Matem\u00e1tica surge en el curso 2023\u201324 como iniciativa de la Vocal\u00eda de Competencias Matem\u00e1ticas. Esta competici\u00f3n tiene tres objetivos fundamentales: promover las matem\u00e1ticas, unir a&nbsp;los estudiantes de matem\u00e1ticas y&nbsp;asegurar que ambos valores perduren en el tiempo. La Liga Matem\u00e1tica [&hellip;]<\/p>\n","protected":false},"author":1,"featured_media":0,"parent":0,"menu_order":0,"comment_status":"closed","ping_status":"closed","template":"","meta":{"footnotes":""},"class_list":["post-50","page","type-page","status-publish","hentry"],"_links":{"self":[{"href":"https:\/\/dgalgoi1.upv.edu.es\/index.php\/wp-json\/wp\/v2\/pages\/50","targetHints":{"allow":["GET"]}}],"collection":[{"href":"https:\/\/dgalgoi1.upv.edu.es\/index.php\/wp-json\/wp\/v2\/pages"}],"about":[{"href":"https:\/\/dgalgoi1.upv.edu.es\/index.php\/wp-json\/wp\/v2\/types\/page"}],"author":[{"embeddable":true,"href":"https:\/\/dgalgoi1.upv.edu.es\/index.php\/wp-json\/wp\/v2\/users\/1"}],"replies":[{"embeddable":true,"href":"https:\/\/dgalgoi1.upv.edu.es\/index.php\/wp-json\/wp\/v2\/comments?post=50"}],"version-history":[{"count":8,"href":"https:\/\/dgalgoi1.upv.edu.es\/index.php\/wp-json\/wp\/v2\/pages\/50\/revisions"}],"predecessor-version":[{"id":222,"href":"https:\/\/dgalgoi1.upv.edu.es\/index.php\/wp-json\/wp\/v2\/pages\/50\/revisions\/222"}],"wp:attachment":[{"href":"https:\/\/dgalgoi1.upv.edu.es\/index.php\/wp-json\/wp\/v2\/media?parent=50"}],"curies":[{"name":"wp","href":"https:\/\/api.w.org\/{rel}","templated":true}]}}