{"id":158,"date":"2024-09-25T16:27:37","date_gmt":"2024-09-25T14:27:37","guid":{"rendered":"https:\/\/dgalgoi1.upv.edu.es\/?page_id=158"},"modified":"2024-10-18T15:26:00","modified_gmt":"2024-10-18T13:26:00","slug":"bases-oma","status":"publish","type":"page","link":"https:\/\/dgalgoi1.upv.edu.es\/index.php\/bases-oma\/","title":{"rendered":"Bases OMA"},"content":{"rendered":"\n<div class=\"wp-block-group is-vertical is-layout-flex wp-container-core-group-is-layout-69f52ed0 wp-block-group-is-layout-flex\" style=\"margin-top:var(--wp--preset--spacing--superbspacing-medium);margin-bottom:var(--wp--preset--spacing--superbspacing-medium)\">\n<h3 class=\"wp-block-heading\">Participantes<\/h3>\n\n\n\n<p>Podr\u00e1n participar todos los estudiantes de grado o doble grado de cualquier escuela o facultad de la UPV o de otras universidades de la Comunidad Valenciana. Debido a la limitaci\u00f3n de aforo en las aulas, superado dicho l\u00edmite no se podr\u00e1n realizar m\u00e1s inscripciones aunque se habilitar\u00e1 una lista de espera por si hubiese alguna baja entre los ya inscritos.<\/p>\n\n\n\n<p>En el apartado \u201cParticipantes y aulas\u201d se publicar\u00e1 una lista con todos los participantes admitidos as\u00ed como el aula a la que les corresponde acudir el d\u00eda de la prueba.<\/p>\n<\/div>\n\n\n\n<div class=\"wp-block-group is-vertical is-layout-flex wp-container-core-group-is-layout-fe9cc265 wp-block-group-is-layout-flex\">\n<div class=\"wp-block-group is-content-justification-center is-nowrap is-layout-flex wp-container-core-group-is-layout-4785058b wp-block-group-is-layout-flex\">\n<div class=\"wp-block-group is-vertical is-layout-flex wp-container-core-group-is-layout-fe9cc265 wp-block-group-is-layout-flex\">\n<h3 class=\"wp-block-heading\">Tem\u00e1tica F\u00f3rmula Uno<\/h3>\n\n\n\n<p>Este a\u00f1o, hemos decidido darle un giro a la competici\u00f3n y llevar las matem\u00e1ticas a la pista de carreras. Inspirados en la velocidad y la precisi\u00f3n de la<strong> F\u00f3rmula 1<\/strong>, cada problema estar\u00e1 dise\u00f1ado para desafiar tus habilidades de c\u00e1lculo, l\u00f3gica y estrategia. Ya seas un novato en las pistas o un piloto experimentado en la resoluci\u00f3n de problemas, te invitamos a ser parte de esta emocionante temporada.<\/p>\n\n\n\n<p>\u00bfPodr\u00e1s completar cada circuito y llegar a lo m\u00e1s alto del podio? \u00a1Sube a tu monoplaza matem\u00e1tico y prep\u00e1rate para una competencia llena de adrenalina!<\/p>\n\n\n\n<p>\u00a1Mantente atento para no perderte ninguna novedad!<\/p>\n\n\n\n<div style=\"height:0px\" aria-hidden=\"true\" class=\"wp-block-spacer wp-container-content-d613cd94\"><\/div>\n\n\n\n<figure class=\"wp-block-image size-large has-custom-border wp-duotone-unset-1\"><img loading=\"lazy\" decoding=\"async\" width=\"1024\" height=\"512\" src=\"https:\/\/dgalgoi1.upv.edu.es\/wp-content\/uploads\/2024\/10\/fernando-alonso-editada-1024x512.png\" alt=\"\" class=\"wp-image-243\" style=\"border-radius:20px\" srcset=\"https:\/\/dgalgoi1.upv.edu.es\/wp-content\/uploads\/2024\/10\/fernando-alonso-editada-1024x512.png 1024w, https:\/\/dgalgoi1.upv.edu.es\/wp-content\/uploads\/2024\/10\/fernando-alonso-editada-300x150.png 300w, https:\/\/dgalgoi1.upv.edu.es\/wp-content\/uploads\/2024\/10\/fernando-alonso-editada-768x384.png 768w, https:\/\/dgalgoi1.upv.edu.es\/wp-content\/uploads\/2024\/10\/fernando-alonso-editada-1536x768.png 1536w, https:\/\/dgalgoi1.upv.edu.es\/wp-content\/uploads\/2024\/10\/fernando-alonso-editada-2048x1024.png 2048w\" sizes=\"auto, (max-width: 1024px) 100vw, 1024px\" \/><\/figure>\n\n\n\n<div style=\"height:0px\" aria-hidden=\"true\" class=\"wp-block-spacer wp-container-content-d613cd94\"><\/div>\n<\/div>\n<\/div>\n<\/div>\n\n\n\n<div class=\"wp-block-group is-vertical is-layout-flex wp-container-core-group-is-layout-69f52ed0 wp-block-group-is-layout-flex\" style=\"margin-top:var(--wp--preset--spacing--superbspacing-medium);margin-bottom:var(--wp--preset--spacing--superbspacing-medium)\">\n<h3 class=\"wp-block-heading\">Formato de la prueba<\/h3>\n\n\n\n<p>Constar\u00e1 de varias preguntas (20-30) en las que se calcular\u00e1 un resultado. Dado el car\u00e1cter aplicado de la olimpiada, tambi\u00e9n podr\u00e1n incluirse cuestiones de f\u00edsica, qu\u00edmica, econom\u00eda, etc. La participaci\u00f3n ser\u00e1 an\u00f3nima y objetiva. Los resultados deber\u00e1n indicarse en la hoja de respuestas proporcionada y no estar\u00e1 permitido el uso de dispositivos electr\u00f3nicos de ning\u00fan tipo (calculadoras, tel\u00e9fonos m\u00f3viles, etc.).<\/p>\n\n\n\n<p>En la hoja de respuestas no se permitir\u00e1n tachones ni correcciones con t\u00edpex, siendo anulada la respuesta en ese caso. Las soluciones deber\u00e1n indicarse en bol\u00edgrafo de tinta azul o negra y de manera clara y legible.<\/p>\n<\/div>\n\n\n\n<div class=\"wp-block-group is-vertical is-layout-flex wp-container-core-group-is-layout-69f52ed0 wp-block-group-is-layout-flex\" style=\"margin-top:var(--wp--preset--spacing--superbspacing-medium);margin-bottom:var(--wp--preset--spacing--superbspacing-medium)\">\n<h3 class=\"wp-block-heading\">Correcci\u00f3n<\/h3>\n\n\n\n<p>Para determinar los ganadores se valorar\u00e1, en primer lugar, el n\u00famero de respuestas correctas (una pregunta no acertada no punt\u00faa). En caso de empate, se premiar\u00e1 al participante m\u00e1s joven de los empatados. En caso de que estos criterios no fuesen suficientes, la organizaci\u00f3n se reserva el derecho a decidir el modo de desempatar. Se realizar\u00e1 una doble correcci\u00f3n para evitar cualquier tipo de error ya que los resultados finales ser\u00e1n inapelables.<\/p>\n<\/div>\n\n\n\n<p><\/p>\n","protected":false},"excerpt":{"rendered":"<p>Participantes Podr\u00e1n participar todos los estudiantes de grado o doble grado de cualquier escuela o facultad de la UPV o de otras universidades de la Comunidad Valenciana. Debido a la limitaci\u00f3n de aforo en las aulas, superado dicho l\u00edmite no se podr\u00e1n realizar m\u00e1s inscripciones aunque se habilitar\u00e1 una lista de espera por si hubiese [&hellip;]<\/p>\n","protected":false},"author":1,"featured_media":0,"parent":0,"menu_order":0,"comment_status":"closed","ping_status":"closed","template":"","meta":{"footnotes":""},"class_list":["post-158","page","type-page","status-publish","hentry"],"_links":{"self":[{"href":"https:\/\/dgalgoi1.upv.edu.es\/index.php\/wp-json\/wp\/v2\/pages\/158","targetHints":{"allow":["GET"]}}],"collection":[{"href":"https:\/\/dgalgoi1.upv.edu.es\/index.php\/wp-json\/wp\/v2\/pages"}],"about":[{"href":"https:\/\/dgalgoi1.upv.edu.es\/index.php\/wp-json\/wp\/v2\/types\/page"}],"author":[{"embeddable":true,"href":"https:\/\/dgalgoi1.upv.edu.es\/index.php\/wp-json\/wp\/v2\/users\/1"}],"replies":[{"embeddable":true,"href":"https:\/\/dgalgoi1.upv.edu.es\/index.php\/wp-json\/wp\/v2\/comments?post=158"}],"version-history":[{"count":14,"href":"https:\/\/dgalgoi1.upv.edu.es\/index.php\/wp-json\/wp\/v2\/pages\/158\/revisions"}],"predecessor-version":[{"id":266,"href":"https:\/\/dgalgoi1.upv.edu.es\/index.php\/wp-json\/wp\/v2\/pages\/158\/revisions\/266"}],"wp:attachment":[{"href":"https:\/\/dgalgoi1.upv.edu.es\/index.php\/wp-json\/wp\/v2\/media?parent=158"}],"curies":[{"name":"wp","href":"https:\/\/api.w.org\/{rel}","templated":true}]}}